{"id":1470,"date":"2022-06-15T11:55:43","date_gmt":"2022-06-15T09:55:43","guid":{"rendered":"http:\/\/cmi-2i2a.univ-avignon.fr\/?page_id=1470"},"modified":"2022-06-15T11:57:23","modified_gmt":"2022-06-15T09:57:23","slug":"la-vie-de-campus-au-cmi","status":"publish","type":"page","link":"https:\/\/cmi-2i2a.univ-avignon.fr\/index.php\/la-vie-de-campus-au-cmi\/","title":{"rendered":"La vie de campus au CMI"},"content":{"rendered":"\n<p>Les acteurs du CMI ce sont avant tout les \u00e9tudiants eux m\u00eames.<\/p>\n\n\n\n<p>retrouvez ici les <a href=\"http:\/\/cmi-2i2a.univ-avignon.fr\/index.php\/les-acteurs-du-cmi-2i2a\/\" data-type=\"page\" data-id=\"554\">pages de pr\u00e9sentation personnelle<\/a> par promotion<\/p>\n\n\n\n<p>Les intervenants particuli\u00e8rement impliqu\u00e9s dans le CMI <a href=\"http:\/\/cmi-2i2a.univ-avignon.fr\/index.php\/category\/vie-de-campus\/alumni\/equipepedagogique\/\" data-type=\"category\" data-id=\"38\">ont aussi leur page<\/a> !<\/p>\n\n\n\n<p>Pour vous faciliter la vie au CERI nous avons aussi :<\/p>\n\n\n\n<ul class=\"wp-block-list\"><li>des <a href=\"http:\/\/cmi-2i2a.univ-avignon.fr\/index.php\/category\/vie-de-campus\/tutos\/\" data-type=\"category\" data-id=\"128\">Tutos<\/a><\/li><li>des <a href=\"http:\/\/cmi-2i2a.univ-avignon.fr\/index.php\/category\/vie-de-campus\/trucs-et-astuces\/\" data-type=\"category\" data-id=\"129\">Trucs &amp; Astuces<\/a><\/li><\/ul>\n\n\n\n<p><\/p>\n","protected":false},"excerpt":{"rendered":"<p>Les acteurs du CMI ce sont avant tout les \u00e9tudiants eux m\u00eames. retrouvez ici les pages de pr\u00e9sentation personnelle par promotion Les intervenants particuli\u00e8rement impliqu\u00e9s dans le CMI ont aussi leur page ! Pour vous faciliter la vie au CERI nous avons aussi : des Tutos des Trucs &amp; Astuces<\/p>\n","protected":false},"author":1,"featured_media":0,"parent":0,"menu_order":0,"comment_status":"closed","ping_status":"closed","template":"","meta":{"footnotes":""},"coauthors":[78],"class_list":["post-1470","page","type-page","status-publish","hentry"],"_links":{"self":[{"href":"https:\/\/cmi-2i2a.univ-avignon.fr\/index.php\/wp-json\/wp\/v2\/pages\/1470","targetHints":{"allow":["GET"]}}],"collection":[{"href":"https:\/\/cmi-2i2a.univ-avignon.fr\/index.php\/wp-json\/wp\/v2\/pages"}],"about":[{"href":"https:\/\/cmi-2i2a.univ-avignon.fr\/index.php\/wp-json\/wp\/v2\/types\/page"}],"author":[{"embeddable":true,"href":"https:\/\/cmi-2i2a.univ-avignon.fr\/index.php\/wp-json\/wp\/v2\/users\/1"}],"replies":[{"embeddable":true,"href":"https:\/\/cmi-2i2a.univ-avignon.fr\/index.php\/wp-json\/wp\/v2\/comments?post=1470"}],"version-history":[{"count":2,"href":"https:\/\/cmi-2i2a.univ-avignon.fr\/index.php\/wp-json\/wp\/v2\/pages\/1470\/revisions"}],"predecessor-version":[{"id":1472,"href":"https:\/\/cmi-2i2a.univ-avignon.fr\/index.php\/wp-json\/wp\/v2\/pages\/1470\/revisions\/1472"}],"wp:attachment":[{"href":"https:\/\/cmi-2i2a.univ-avignon.fr\/index.php\/wp-json\/wp\/v2\/media?parent=1470"}],"wp:term":[{"taxonomy":"author","embeddable":true,"href":"https:\/\/cmi-2i2a.univ-avignon.fr\/index.php\/wp-json\/wp\/v2\/coauthors?post=1470"}],"curies":[{"name":"wp","href":"https:\/\/api.w.org\/{rel}","templated":true}]}}