{"id":1500,"date":"2022-06-16T06:27:59","date_gmt":"2022-06-16T04:27:59","guid":{"rendered":"http:\/\/cmi-2i2a.univ-avignon.fr\/?page_id=1500"},"modified":"2022-06-21T21:09:59","modified_gmt":"2022-06-21T19:09:59","slug":"equipe-pedagogique","status":"publish","type":"page","link":"https:\/\/cmi-2i2a.univ-avignon.fr\/index.php\/equipe-pedagogique\/","title":{"rendered":"\u00c9quipe p\u00e9dagogique"},"content":{"rendered":"<ul class=\"lcp_catlist\" id=\"lcp_instance_0\"><li><a href=\"https:\/\/cmi-2i2a.univ-avignon.fr\/index.php\/2021\/12\/07\/pierre-jourlin\/\">Pierre Jourlin<\/a><\/li><li><a href=\"https:\/\/cmi-2i2a.univ-avignon.fr\/index.php\/2021\/11\/15\/yezekael-hayel\/\">Yezekael Hayel<\/a><\/li><li><a href=\"https:\/\/cmi-2i2a.univ-avignon.fr\/index.php\/2021\/11\/07\/thierry-faucon\/\">Thierry Faucon<\/a><\/li><li><a href=\"https:\/\/cmi-2i2a.univ-avignon.fr\/index.php\/2021\/11\/06\/titouan-parcollet\/\">Titouan Parcollet<\/a><\/li><li><a href=\"https:\/\/cmi-2i2a.univ-avignon.fr\/index.php\/2021\/10\/27\/thierry-spriet\/\">Thierry SPRIET (responsable du CMI)<\/a><\/li><\/ul>\n\n\n\n<p><a href=\"https:\/\/cv.archives-ouvertes.fr\/jean-francois-bonastre\"><strong>BONASTRE Jean-Fran\u00e7ois<\/strong><\/a> Professeur<br><strong>BOUSQUET Pierre-Michel<\/strong> PRAG UAPV<br><strong>COSTA Jean-Pierre <\/strong>Ma\u00eetre de conf\u00e9rences<br><strong><a rel=\"noreferrer noopener\" href=\"http:\/\/abderrahimbenslimane.org\/\" data-type=\"URL\" data-id=\"http:\/\/abderrahimbenslimane.org\/\" target=\"_blank\">BENSLIMANE Abderrahim<\/a><\/strong> Professeur<br><strong><a href=\"http:\/\/cmi-2i2a.univ-avignon.fr\/wp-content\/uploads\/2022\/06\/DePellegrini_CV.pdf\">DE PELLEGRINI Francesco<\/a><\/strong> Professeur<br><strong>EL-AZOUZI Rachid <\/strong>Professeur<br><a href=\"https:\/\/cv.archives-ouvertes.fr\/yannick-esteve\"><strong>ESTEVE Yannick <\/strong><\/a>Professeur<br><strong>F<a rel=\"noreferrer noopener\" href=\"http:\/\/cmi-2i2a.univ-avignon.fr\/wp-content\/uploads\/2022\/06\/CV-court-2022-CorinneFredouille.pdf\" target=\"_blank\">REDOUILLE Corinne<\/a> <\/strong>Professeure (<a rel=\"noreferrer noopener\" href=\"https:\/\/cv.archives-ouvertes.fr\/corinne-fredouille\" target=\"_blank\">sur Hal<\/a>)<br><a href=\"https:\/\/cv.archives-ouvertes.fr\/rosa-figueiredo\"><strong>FIGUEIREDO Rosa<\/strong><\/a> Ma\u00eetre de conf\u00e9rences<br><strong>GILLES Philippe <\/strong>Ma\u00eetre de conf\u00e9rences<br><a href=\"https:\/\/cv.archives-ouvertes.fr\/serigne-gueye\"><strong>GUEYE Serigne <\/strong><\/a>Ma\u00eetre de conf\u00e9rences HDR<br><strong><a href=\"http:\/\/cmi-2i2a.univ-avignon.fr\/wp-content\/uploads\/2022\/06\/CV-Majed-Haddad-short.pdf\">HADDAD Majed<\/a><\/strong> Ma\u00eetre de conf\u00e9rences HDR<br><strong><a rel=\"noreferrer noopener\" href=\"https:\/\/sites.google.com\/site\/yezekaelhayelsite\/home?authuser=0\" data-type=\"URL\" data-id=\"https:\/\/sites.google.com\/site\/yezekaelhayelsite\/home?authuser=0\" target=\"_blank\">HAYEL Yezekael <\/a><\/strong>Ma\u00eetre de conf\u00e9rences HDR (<a rel=\"noreferrer noopener\" href=\"https:\/\/cv.archives-ouvertes.fr\/yezekael-hayel\" data-type=\"URL\" data-id=\"https:\/\/cv.archives-ouvertes.fr\/yezekael-hayel\" target=\"_blank\">sur Hal<\/a>)<br><a rel=\"noreferrer noopener\" href=\"https:\/\/cv.archives-ouvertes.fr\/shuet\" target=\"_blank\"><strong>HUET Stephane<\/strong><\/a> Ma\u00eetre de conf\u00e9rences<br><a href=\"https:\/\/cv.archives-ouvertes.fr\/bassam-jabaian\"><strong>JABAIAM Bassam <\/strong><\/a>Ma\u00eetre de conf\u00e9rences<br><a href=\"https:\/\/cv.archives-ouvertes.fr\/pierre-jourlin\"><strong>JOURLIN Pierre<\/strong><\/a> Ma\u00eetre de conf\u00e9rences<br><a href=\"https:\/\/cv.archives-ouvertes.fr\/vlabatut\"><strong>LABATUT Vincent<\/strong><\/a> Ma\u00eetre de conf\u00e9rences HDR<br><a href=\"https:\/\/cv.archives-ouvertes.fr\/fabricelefevre\"><strong>LEFEVRE Fabrice<\/strong><\/a> Professeur<br><a href=\"https:\/\/cv.archives-ouvertes.fr\/georges-linares\"><strong>LINARES Georges<\/strong><\/a> Professeur<br><a href=\"https:\/\/cv.archives-ouvertes.fr\/driss-matrouf\"><strong>MATROUF Driss <\/strong><\/a>Ma\u00eetre de conf\u00e9rences HDR<br><strong><a rel=\"noreferrer noopener\" href=\"http:\/\/mohamedmorchid.free.fr\" target=\"_blank\">MORCHID Mohamed<\/a>\u00a0<\/strong>Ma\u00eetre de conf\u00e9rences HDR<br><a rel=\"noreferrer noopener\" href=\"http:\/\/cmi-2i2a.univ-avignon.fr\/wp-content\/uploads\/2022\/06\/CV-NOCERA-2022.pdf\" data-type=\"URL\" data-id=\"http:\/\/cmi-2i2a.univ-avignon.fr\/wp-content\/uploads\/2022\/06\/CV-NOCERA-2022.pdf\" target=\"_blank\"><strong>NOCERA Pascal<\/strong> <\/a>Ma\u00eetre de conf\u00e9rences<br><strong><a rel=\"noreferrer noopener\" href=\"http:\/\/cmi-2i2a.univ-avignon.fr\/wp-content\/uploads\/2022\/06\/CV_PARCOLLET.pdf\" target=\"_blank\">PARCOLLET Titouan<\/a><\/strong> Ma\u00eetre de conf\u00e9rences<br><strong>ROUVIER Mickael<\/strong> Ma\u00eetre de conf\u00e9rences<br><a href=\"https:\/\/termwatch.es\"><strong>SANJUAN Eric<\/strong><\/a> Ma\u00eetre de conf\u00e9rences HDR<br><strong><a rel=\"noreferrer noopener\" href=\"https:\/\/cv.archives-ouvertes.fr\/thierry-spriet\" target=\"_blank\">SPRIET Thierry<\/a><\/strong> Ma\u00eetre de conf\u00e9rences<br><a href=\"http:\/\/juanmanueltorres.free.fr\/\"><strong>TORRES Juan-Manuel<\/strong><\/a> Ma\u00eetre de conf\u00e9rences<\/p>\n","protected":false},"excerpt":{"rendered":"<p>BONASTRE Jean-Fran\u00e7ois ProfesseurBOUSQUET Pierre-Michel PRAG UAPVCOSTA Jean-Pierre Ma\u00eetre de conf\u00e9rencesBENSLIMANE Abderrahim ProfesseurDE PELLEGRINI Francesco ProfesseurEL-AZOUZI Rachid ProfesseurESTEVE Yannick ProfesseurFREDOUILLE Corinne Professeure (sur Hal)FIGUEIREDO Rosa Ma\u00eetre de conf\u00e9rencesGILLES Philippe Ma\u00eetre de conf\u00e9rencesGUEYE Serigne Ma\u00eetre de conf\u00e9rences HDRHADDAD Majed Ma\u00eetre de conf\u00e9rences HDRHAYEL Yezekael Ma\u00eetre de conf\u00e9rences HDR (sur Hal)HUET Stephane Ma\u00eetre de conf\u00e9rencesJABAIAM Bassam Ma\u00eetre de conf\u00e9rencesJOURLIN Pierre Ma\u00eetre de conf\u00e9rencesLABATUT Vincent Ma\u00eetre de conf\u00e9rences HDRLEFEVRE Fabrice ProfesseurLINARES Georges ProfesseurMATROUF Driss Ma\u00eetre de conf\u00e9rences HDRMORCHID Mohamed\u00a0Ma\u00eetre de conf\u00e9rences HDRNOCERA Pascal Ma\u00eetre&#8230;<\/p>\n<p class=\"read-more\"><a class=\"btn btn-default\" href=\"https:\/\/cmi-2i2a.univ-avignon.fr\/index.php\/equipe-pedagogique\/\">Lire la suite<span class=\"screen-reader-text\"> Lire la suite<\/span><\/a><\/p>\n","protected":false},"author":1,"featured_media":0,"parent":0,"menu_order":0,"comment_status":"closed","ping_status":"closed","template":"","meta":{"footnotes":""},"coauthors":[78],"class_list":["post-1500","page","type-page","status-publish","hentry"],"_links":{"self":[{"href":"https:\/\/cmi-2i2a.univ-avignon.fr\/index.php\/wp-json\/wp\/v2\/pages\/1500","targetHints":{"allow":["GET"]}}],"collection":[{"href":"https:\/\/cmi-2i2a.univ-avignon.fr\/index.php\/wp-json\/wp\/v2\/pages"}],"about":[{"href":"https:\/\/cmi-2i2a.univ-avignon.fr\/index.php\/wp-json\/wp\/v2\/types\/page"}],"author":[{"embeddable":true,"href":"https:\/\/cmi-2i2a.univ-avignon.fr\/index.php\/wp-json\/wp\/v2\/users\/1"}],"replies":[{"embeddable":true,"href":"https:\/\/cmi-2i2a.univ-avignon.fr\/index.php\/wp-json\/wp\/v2\/comments?post=1500"}],"version-history":[{"count":6,"href":"https:\/\/cmi-2i2a.univ-avignon.fr\/index.php\/wp-json\/wp\/v2\/pages\/1500\/revisions"}],"predecessor-version":[{"id":1563,"href":"https:\/\/cmi-2i2a.univ-avignon.fr\/index.php\/wp-json\/wp\/v2\/pages\/1500\/revisions\/1563"}],"wp:attachment":[{"href":"https:\/\/cmi-2i2a.univ-avignon.fr\/index.php\/wp-json\/wp\/v2\/media?parent=1500"}],"wp:term":[{"taxonomy":"author","embeddable":true,"href":"https:\/\/cmi-2i2a.univ-avignon.fr\/index.php\/wp-json\/wp\/v2\/coauthors?post=1500"}],"curies":[{"name":"wp","href":"https:\/\/api.w.org\/{rel}","templated":true}]}}