{"id":28,"date":"2021-10-01T08:48:07","date_gmt":"2021-10-01T06:48:07","guid":{"rendered":"http:\/\/srvperso-cmi.univ-avignon.fr\/?page_id=28"},"modified":"2025-03-12T19:26:07","modified_gmt":"2025-03-12T18:26:07","slug":"cmi-informatique-et-ia-davignon","status":"publish","type":"page","link":"https:\/\/cmi-2i2a.univ-avignon.fr\/","title":{"rendered":"Cursus Master Ing\u00e9nierie en Informatique d&rsquo;Avignon"},"content":{"rendered":"\n<h2 class=\"wp-block-heading\">Formation sur 5 ans &#8211; innovation et recherche<\/h2>\n\n\n\n<p>Le CMI est une formation d\u2019ing\u00e9nieur sur 5 ans au sein de la <a href=\"http:\/\/cmi-2i2a.univ-avignon.fr\/index.php\/licence-informatique-support-du-cmi\/\" data-type=\"URL\" data-id=\"http:\/\/cmi-2i2a.univ-avignon.fr\/index.php\/licence-informatique-support-du-cmi\/\" target=\"_blank\" rel=\"noreferrer noopener\">licence<\/a> et du <a href=\"http:\/\/cmi-2i2a.univ-avignon.fr\/index.php\/le-master-informatique-support-du-cmi\/\" data-type=\"URL\" data-id=\"http:\/\/cmi-2i2a.univ-avignon.fr\/index.php\/le-master-informatique-support-du-cmi\/\" target=\"_blank\" rel=\"noreferrer noopener\">master<\/a> d&rsquo;informatique. La formation en ing\u00e9nierie commence d\u00e8s la premi\u00e8re ann\u00e9e de licence. <a href=\"http:\/\/cmi-2i2a.univ-avignon.fr\/index.php\/les-enseignements-complementaires-cmi\/\" data-type=\"URL\" data-id=\"http:\/\/cmi-2i2a.univ-avignon.fr\/index.php\/les-enseignements-complementaires-cmi\/\" target=\"_blank\" rel=\"noreferrer noopener\">20% d&rsquo;enseignements suppl\u00e9mentaires<\/a> sont propos\u00e9s aux \u00e9tudiants CMI par rapport aux enseignements de licence et master. Ces enseignements forment \u00e0 l&rsquo;innovation et la recherche, l&rsquo;ouverture \u00e0 la soci\u00e9t\u00e9, \u00e0 l&rsquo;entreprise et \u00e0 la culture g\u00e9n\u00e9rale. Les \u00e9tudiants obtiennent une licence puis un master informatique augment\u00e9s du label CMI.<\/p>\n\n\n\n<h2 class=\"wp-block-heading\">Le CMI formation d&rsquo;excellence<\/h2>\n\n\n\n<p>Les CMI utilisent la recherche comme outil de formation, avec des approches p\u00e9dagogiques actives gr\u00e2ce auxquelles les \u00e9tudiants sont acteurs de leur formation. De nombreuses activit\u00e9s de mise en situation, permettent d&rsquo;ancrer une solide formation disciplinaire tout en assurant une large ouverture soci\u00e9tale et une r\u00e9elle professionnalisation.<br>Le CMI informatique d&rsquo;Avignon offre une formation coh\u00e9rente sur 5 ann\u00e9es b\u00e9n\u00e9ficiant d&rsquo;un label national sur le mod\u00e8le international des Master of Engineering<\/p>\n\n\n\n<h2 class=\"wp-block-heading\">Une formation professionnalisante adoss\u00e9e \u00e0 un grand centre de recherche<\/h2>\n\n\n\n<p>Le CMI Informatique et IA d&rsquo;Avignon est port\u00e9 par le<a href=\"https:\/\/lia.univ-avignon.fr\/\" data-type=\"URL\" data-id=\"https:\/\/lia.univ-avignon.fr\/\" target=\"_blank\" rel=\"noreferrer noopener\"> Laboratoire Informatique d\u2019Avignon  LIA<\/a> d&rsquo;<a href=\"https:\/\/www.univ-avignon.fr\/\" data-type=\"URL\" data-id=\"https:\/\/www.univ-avignon.fr\/\" target=\"_blank\" rel=\"noreferrer noopener\">Avignon Universit\u00e9<\/a>. Ses chercheurs assurent sur les 5 ans des enseignements et accompagnent les \u00e9tudiants dans leur d\u00e9couverte de la recherche. D\u00e8s la premi\u00e8re ann\u00e9e les \u00e9tudiants montent un projet personnel innovant qui sera un objet d&rsquo;apprentissage pendant 2 ans, avec l&rsquo;accompagnement de chercheurs et de professionnels du secteur.<br>Des <a href=\"http:\/\/cmi-2i2a.univ-avignon.fr\/index.php\/category\/entreprises\/stages\/\" data-type=\"URL\" data-id=\"http:\/\/cmi-2i2a.univ-avignon.fr\/index.php\/category\/entreprises\/stages\/\" target=\"_blank\" rel=\"noreferrer noopener\">stages en entreprises et en laboratoire de recherche<\/a>, ainsi que des projets disciplinaires tout au long des 5 ans compl\u00e8tent la professionnalisation de la formation.<br>Les \u00e9tudiants r\u00e9alise un <a href=\"http:\/\/cmi-2i2a.univ-avignon.fr\/index.php\/category\/echanges-internationaux\/carnet-de-voyage\/\" data-type=\"URL\" data-id=\"http:\/\/cmi-2i2a.univ-avignon.fr\/index.php\/category\/echanges-internationaux\/carnet-de-voyage\/\" target=\"_blank\" rel=\"noreferrer noopener\">s\u00e9jour long \u00e0 l\u2019\u00e9tranger <\/a>pendant leur formation, soit sous la forme d&rsquo;un semestre dans une <a href=\"http:\/\/cmi-2i2a.univ-avignon.fr\/index.php\/category\/echanges-internationaux\/univertsite-visitee\/\" data-type=\"URL\" data-id=\"http:\/\/cmi-2i2a.univ-avignon.fr\/index.php\/category\/echanges-internationaux\/univertsite-visitee\/\" target=\"_blank\" rel=\"noreferrer noopener\">universit\u00e9 partenaire <\/a>soit sous forme de stage d&rsquo;au moins 4 mois \u00e0 l&rsquo;\u00e9tranger. Un niveau B2 en anglais doit \u00eatre certifi\u00e9e avant la fin des 5 ans.<\/p>\n\n\n\n<h2 class=\"wp-block-heading\">Le d\u00e9veloppement personnel au c\u0153ur de la formation<\/h2>\n\n\n\n<p>Formation int\u00e9gr\u00e9e au CMI<br>\u2022 L\u2019expression et la communication<br>\u2022 Des comp\u00e9tences transversales<br>\u2022 Le Projet Professionnel et Personnel<br>\u2022 La culture g\u00e9n\u00e9rale<br>\u2022 Les enjeux soci\u00e9taux.<\/p>\n\n\n\n<h2 class=\"wp-block-heading\"><strong>Le CMI en Ing\u00e9nierie Informatique est labellis\u00e9 par le r\u00e9seau Figure depuis juin 2018<\/strong> \u00e0 Avignon Universit\u00e9<\/h2>\n\n\n\n<h3 class=\"wp-block-heading\">Formation<\/h3>\n\n\n\n<p>Les <a href=\"http:\/\/reseau-figure.fr\/\">CMI (Cursus Master en Ing\u00e9nierie)<\/a>, labellis\u00e9s par le r\u00e9seau Figure, sont l&rsquo;opportunit\u00e9 pour les \u00e9tudiants les plus motiv\u00e9s de compl\u00e9ter leur formation par des enseignements sp\u00e9cifiques offrant sur 5 ans un cursus d\u2019ing\u00e9nierie.<\/p>\n\n\n\n<ul class=\"wp-block-list\">\n<li>Une orientation forte vers l\u2019innovation, d\u00e9butant les deux premi\u00e8res ann\u00e9es par un projet en lien avec un laboratoire de recherche, et poursuivie tout au long de la formation au travers de stages en laboratoire ou d\u2019activit\u00e9s de mise en situation avec des chercheurs<\/li>\n\n\n\n<li>Des compl\u00e9ments (20% de cours en plus) par rapport \u00e0 une formation universitaire classique avec une ouverture sur l\u2019\u00e9conomie num\u00e9rique, le management mais aussi la culture, la robotique et l\u2019intelligence artificielle.<\/li>\n\n\n\n<li>Une immersion en entreprise d\u00e8s la 2e ann\u00e9e au travers de stages ou de l\u2019alternance d\u00e8s la 4\u00e8me ann\u00e9e.<\/li>\n\n\n\n<li>Une ouverture vers l\u2019international avec 4 mois minimum pass\u00e9s \u00e0 l\u2019\u00e9tranger (formation ou stage)<\/li>\n<\/ul>\n\n\n\n<h3 class=\"wp-block-heading\" id=\"competences\">Comp\u00e9tences vis\u00e9es et d\u00e9bouch\u00e9s<\/h3>\n\n\n\n<p>Le Cursus CMI Ing\u00e9nierie Informatique d&rsquo;<a href=\"http:\/\/univ-avignon.fr\">Avignon Universit\u00e9<\/a> vient enrichir les comp\u00e9tences de la licence et du master informatique d\u2019une dimension nouvelle qu\u2019est la culture de l\u2019innovation, en abordant aussi bien les aspects scientifiques, technologiques, manag\u00e9riaux et \u00e9conomiques de l\u2019innovation, que la culture elle-m\u00eame de l\u2019innovation. Les \u00e9tudiants qui suivront ce cursus CMI, disposeront non seulement des solides comp\u00e9tences d\u2019informaticien qu\u2019offrent la licence et le master du CERI, mais seront \u00e9galement les acteurs-producteurs de prochaines innovations num\u00e9riques de notre soci\u00e9t\u00e9.<\/p>\n\n\n\n<p><a href=\"http:\/\/cmi-2i2a.univ-avignon.fr\/wp-content\/uploads\/2023\/02\/Re\u0301fe\u0301rentiel-CMI-inforamtique-4-O.R.-vert.pdf\">R\u00e9f\u00e9rentiel de comp\u00e9tences du CMI informatique par le r\u00e9seau figure<\/a><\/p>\n\n\n\n<p><a href=\"http:\/\/cmi-2i2a.univ-avignon.fr\/wp-content\/uploads\/2023\/02\/2-O.R.-jaune-re\u0301fe\u0301rentiel-de-formation.pdf\">Le r\u00e9f\u00e9rentiel de formation du CMI par le r\u00e9seau figure<\/a> <br><br>Les principaux emplois envisag\u00e9s pour les dipl\u00f4m\u00e9s CMI sont :<\/p>\n\n\n\n<ul class=\"wp-block-list\">\n<li>Ing\u00e9nieur R&amp;D<\/li>\n\n\n\n<li>Entrepreneur Start-Up dans l\u2019Innovation<\/li>\n\n\n\n<li>Enseignant-chercheur en Informatique<\/li>\n\n\n\n<li>Data scientist<\/li>\n\n\n\n<li>Consultant IT (<em>Information Technology<\/em>)<\/li>\n\n\n\n<li>Architecte de syst\u00e8mes d\u2019information, de syst\u00e8mes informatiques<\/li>\n<\/ul>\n\n\n\n<h3 class=\"wp-block-heading\">Organisation<\/h3>\n\n\n\n<p>Le CMI \u00ab ing\u00e9nierie informatique \u00bb propos\u00e9 par Avignon Universit\u00e9 est b\u00e2ti sur la licence et le master informatique du <a href=\"https:\/\/ceri.univ-avigon.fr\" data-type=\"URL\" data-id=\"https:\/\/ceri.univ-avigon.fr\" target=\"_blank\" rel=\"noreferrer noopener\">Centre d\u2019Enseignement et de Recherche en Informatique (CERI)<\/a>.<\/p>\n\n\n\n<p>Ces formations proposent <a href=\"https:\/\/ceri.univ-avignon.fr\/formations\/master-informatique\/master-informatique-7004.kjsp?RH=1505997800956\">trois parcours<\/a> : <a href=\"https:\/\/univ-avignon.fr\/rechercher-une-formation\/master-informatique-parcours-type-ingenierie-du-logiciel-de-la-societe-numerique-ilsen--1350.kjsp?RH=1505997800956\">ILSEN<\/a> (Ing\u00e9nierie Logicielle de la Soci\u00e9tE Num\u00e9rique), <a href=\"https:\/\/univ-avignon.fr\/rechercher-une-formation\/master-informatique-parcours-type-intelligence-artificielle-ia--15347.kjsp?RH=1505997800956\">IA<\/a> (Intelligence Artificielle), et\u00a0<a href=\"https:\/\/formations.univ-avignon.fr\/formation\/master-informatique-systemes-informatiques-communicants-reseaux-services-et-securite-sicom\/\">SYRIUS<\/a> (Infrastructure Cloud &amp; Syst\u00e8mes Distribu\u00e9s). Le choix se fait d\u00e8s la L3 au travers des 2 parcours de <a href=\"https:\/\/ceri.univ-avignon.fr\/formations\/licence-informatique\/licence-informatique-7003.kjsp?RH=1505997800956\">licence<\/a> : IL (Ing\u00e9nierie Logicielle) et SYR (SYst\u00e8mes et R\u00e9seaux).<\/p>\n\n\n\n<p>Les maquettes de la licence comme du master ont \u00e9t\u00e9 construites dans une<a href=\"http:\/\/cmi-2i2a.univ-avignon.fr\/index.php\/lapproche-competences-au-ceri\/\" data-type=\"URL\" data-id=\"http:\/\/cmi-2i2a.univ-avignon.fr\/index.php\/lapproche-competences-au-ceri\/\" target=\"_blank\" rel=\"noreferrer noopener\"> approche programme et comp\u00e9tences<\/a>. C\u2019est dans ce cadre que le cursus CMI vient enrichir ces formations en \u00e9largissant les comp\u00e9tences vis\u00e9es par la licence et le master de la dimension compl\u00e9mentaire qu\u2019est la culture de l\u2019innovation. L&rsquo;approche se mat\u00e9rialise par un projet int\u00e9grateur engag\u00e9 d\u00e8s la premi\u00e8re ann\u00e9e ; elle am\u00e8ne les \u00e9tudiants au c\u0153ur d\u2019une d\u00e9marche d\u2019innovation qu\u2019ils reprennent en deuxi\u00e8me ann\u00e9e pour mener jusqu\u2019au prototypage leur propre projet innovant. Ce projet int\u00e9grateur nourri et encadr\u00e9 par les chercheurs du laboratoire informatique du CERI est une v\u00e9ritable immersion recherche. Les ann\u00e9es suivantes, le parcours CMI int\u00e8gre des enseignements de sp\u00e9cialit\u00e9 informatique particuli\u00e8rement ax\u00e9s sur les technologies sous-jacentes \u00e0 l\u2019innovation num\u00e9rique, tels que les mod\u00e8les stochastiques, l\u2019apprentissage automatique ou encore les paradigmes de programmation pour l\u2019Intelligence Artificielle.<\/p>\n\n\n\n<p>Le parcours propose \u00e9galement une ouverture vers la culture et les enjeux soci\u00e9taux, au travers par exemple du th\u00e9\u00e2tre, et une sensibilisation \u00e0 l&rsquo;entreprenariat avec la participation \u00e0 des \u00e9v\u00e8nements du type \u00ab 36 h chrono \u00bb, au cours duquel les participants testent concr\u00e8tement la cr\u00e9ation d\u2019une entreprise innovante ou en prennent les commandes pendant 36h. Enfin, tout au long du CMI, les \u00e9tudiants se trouvent en situation de professionnalisation avec des stages \u00e0 r\u00e9aliser chaque ann\u00e9e \u00e0 partir de la 2e ann\u00e9e, que ce soit en entreprise ou en laboratoire, et une mobilit\u00e9 internationale requise d&rsquo;au moins 4 mois durant le cursus.<\/p>\n\n\n\n<p>La formation en apprentissage dans le cadre du cursus CMI est possible en 4e et 5e ann\u00e9e.<\/p>\n\n\n\n<h3 class=\"wp-block-heading\">Candidature<\/h3>\n\n\n\n<p>Le CMI est une formation s\u00e9lective. Les candidatures se font en premi\u00e8re ann\u00e9e sur <a rel=\"noreferrer noopener\" href=\"https:\/\/dossier.parcoursup.fr\/Candidats\/public\/fiches\/afficherFicheFormation?g_ta_cod=23359#pied-page\" data-type=\"URL\" data-id=\"https:\/\/dossier.parcoursup.fr\/Candidats\/public\/fiches\/afficherFicheFormation?g_ta_cod=23359#pied-page\" target=\"_blank\">Parcoursup<\/a> quelques places sont \u00e9galement propos\u00e9es aux meilleurs \u00e9tudiants de la premi\u00e8re ann\u00e9e de licence informatique d&rsquo;Avignon.<\/p>\n\n\n\n<p>L&rsquo;acc\u00e8s en seconde ann\u00e9e se fait sur dossier et reste exceptionnelle.<\/p>\n\n\n\n<p>L&rsquo;acc\u00e8s en provenance d&rsquo;un autre CMI informatique, est elle, par contre facilit\u00e9e \u00e0 toutes les ann\u00e9es.<\/p>\n\n\n<p><!-- wp:heading \n\n\n\n\n<h2>Serveur Discord <strong>\"\u00e0 la rencontre des \u00e9tudiants CMI 2I2A\"<\/strong><\/h2>\n\n\n\n --><br \/>\n<!-- \/wp:post-content --><\/p>\n<p><!-- wp:paragraph \n\n\n\n\n<p><a href=\"https:\/\/discord.gg\/t4zBMpj3HA\">https:\/\/discord.gg\/t4zBMpj3HA<\/a><\/p>\n\n\n\n --><br \/>\n<!-- \/wp:paragraph --><\/p>\n<p><!-- wp:paragraph --><\/p>\n<p><!-- \/wp:paragraph --><\/p>","protected":false},"excerpt":{"rendered":"<p>Formation sur 5 ans &#8211; innovation et recherche Le CMI est une formation d\u2019ing\u00e9nieur sur 5 ans au sein de la licence et du master d&rsquo;informatique. La formation en ing\u00e9nierie commence d\u00e8s la premi\u00e8re ann\u00e9e de licence. 20% d&rsquo;enseignements suppl\u00e9mentaires sont propos\u00e9s aux \u00e9tudiants CMI par rapport aux enseignements de licence et master. Ces enseignements forment \u00e0 l&rsquo;innovation et la recherche, l&rsquo;ouverture \u00e0 la soci\u00e9t\u00e9, \u00e0 l&rsquo;entreprise et \u00e0 la culture g\u00e9n\u00e9rale. Les \u00e9tudiants obtiennent une licence puis un master&#8230;<\/p>\n<p class=\"read-more\"><a class=\"btn btn-default\" href=\"https:\/\/cmi-2i2a.univ-avignon.fr\/\">Lire la suite<span class=\"screen-reader-text\"> Lire la suite<\/span><\/a><\/p>\n","protected":false},"author":50,"featured_media":0,"parent":0,"menu_order":0,"comment_status":"closed","ping_status":"closed","template":"","meta":{"footnotes":""},"coauthors":[123],"class_list":["post-28","page","type-page","status-publish","hentry"],"_links":{"self":[{"href":"https:\/\/cmi-2i2a.univ-avignon.fr\/index.php\/wp-json\/wp\/v2\/pages\/28","targetHints":{"allow":["GET"]}}],"collection":[{"href":"https:\/\/cmi-2i2a.univ-avignon.fr\/index.php\/wp-json\/wp\/v2\/pages"}],"about":[{"href":"https:\/\/cmi-2i2a.univ-avignon.fr\/index.php\/wp-json\/wp\/v2\/types\/page"}],"author":[{"embeddable":true,"href":"https:\/\/cmi-2i2a.univ-avignon.fr\/index.php\/wp-json\/wp\/v2\/users\/50"}],"replies":[{"embeddable":true,"href":"https:\/\/cmi-2i2a.univ-avignon.fr\/index.php\/wp-json\/wp\/v2\/comments?post=28"}],"version-history":[{"count":22,"href":"https:\/\/cmi-2i2a.univ-avignon.fr\/index.php\/wp-json\/wp\/v2\/pages\/28\/revisions"}],"predecessor-version":[{"id":2723,"href":"https:\/\/cmi-2i2a.univ-avignon.fr\/index.php\/wp-json\/wp\/v2\/pages\/28\/revisions\/2723"}],"wp:attachment":[{"href":"https:\/\/cmi-2i2a.univ-avignon.fr\/index.php\/wp-json\/wp\/v2\/media?parent=28"}],"wp:term":[{"taxonomy":"author","embeddable":true,"href":"https:\/\/cmi-2i2a.univ-avignon.fr\/index.php\/wp-json\/wp\/v2\/coauthors?post=28"}],"curies":[{"name":"wp","href":"https:\/\/api.w.org\/{rel}","templated":true}]}}