{"id":334,"date":"2021-11-04T20:01:33","date_gmt":"2021-11-04T19:01:33","guid":{"rendered":"http:\/\/cmi-2i2a.univ-avignon.fr\/?page_id=334"},"modified":"2021-11-06T20:01:17","modified_gmt":"2021-11-06T19:01:17","slug":"le-master-informatique-support-du-cmi","status":"publish","type":"page","link":"https:\/\/cmi-2i2a.univ-avignon.fr\/index.php\/le-master-informatique-support-du-cmi\/","title":{"rendered":"Master informatique support du CMI"},"content":{"rendered":"\n<p>Le Master Informatique correspond \u00e0 une formation de tr\u00e8s haut niveau associant comp\u00e9tences th\u00e9oriques et pratiques, bases scientifiques et stages en entreprises. <br><br>Le Master se d\u00e9cline en trois parcours-types :<\/p>\n\n\n\n<ul class=\"wp-block-list\"><li><strong>Ing\u00e9nierie du Logiciel <\/strong><strong>de<\/strong><strong> la Soci\u00e9tE Num\u00e9rique (ILSEN)<\/strong> dont la vocation est de former des \u00e9tudiants aux m\u00e9tiers du logiciel, en les pr\u00e9parant notamment \u00e0 l&rsquo;\u00e9volution de la place de ce dernier, du <em>c\u0153ur du syst\u00e8me d&rsquo;information des entreprises vers le <\/em>c\u0153ur<em> du syst\u00e8me d&rsquo;organisation de nos soci\u00e9t\u00e9s.<\/em><\/li><li><strong>Syst\u00e8mes Informatiques Communicants : r\u00e9seaux, services et s\u00e9curit\u00e9 (SICOM)<\/strong> dont la vocation est de former des informaticiens aux domaines pointus des technologies de l&rsquo;information et de la communication, allant de l&rsquo;architecture des r\u00e9seaux avanc\u00e9s (nouvelle g\u00e9n\u00e9ration, sans fil, embarqu\u00e9&#8230;) aux applications \u00e9mergentes sur ces outils\/moyens de communication en perp\u00e9tuelle \u00e9volution (mobilit\u00e9, cloud, s\u00e9curit\u00e9&#8230;).<\/li><li><strong>Intelligence Artificielle (IA)<\/strong> dont l\u2019objectif est de former des informaticiens aux mod\u00e8les et techniques de mises en \u0153uvre d\u2019applications capables de simuler de l'\u00a0\u00bbintelligence\u00a0\u00bb, au travers de la maitrise des concepts de l\u2019apprentissage automatique et des sciences de donn\u00e9es, mais aussi de la prise en compte des enjeux technologiques et soci\u00e9taux li\u00e9es aux donn\u00e9es massives (big data).<\/li><\/ul>\n\n\n\n<p>Les 3 parcours partagent de nombreux enseignements et peuvent \u00eatre suivi en formation initiale ou en alternance.<\/p>\n\n\n\n<p>En plus des UE list\u00e9es ci-dessous, les \u00e9tudiants CMI suivent <a href=\"http:\/\/cmi-2i2a.univ-avignon.fr\/index.php\/les-enseignements-complementaires-cmi\/\" data-type=\"page\" data-id=\"336\">des enseignements compl\u00e9mentaires sp\u00e9cifiques<\/a><\/p>\n\n\n\n<figure class=\"wp-block-image size-large\"><img loading=\"lazy\" decoding=\"async\" width=\"987\" height=\"1024\" src=\"http:\/\/cmi-2i2a.univ-avignon.fr\/wp-content\/uploads\/2021\/11\/image-987x1024.png\" alt=\"\" class=\"wp-image-335\" srcset=\"https:\/\/cmi-2i2a.univ-avignon.fr\/wp-content\/uploads\/2021\/11\/image-987x1024.png 987w, https:\/\/cmi-2i2a.univ-avignon.fr\/wp-content\/uploads\/2021\/11\/image-289x300.png 289w, https:\/\/cmi-2i2a.univ-avignon.fr\/wp-content\/uploads\/2021\/11\/image-768x797.png 768w, https:\/\/cmi-2i2a.univ-avignon.fr\/wp-content\/uploads\/2021\/11\/image-1480x1536.png 1480w, https:\/\/cmi-2i2a.univ-avignon.fr\/wp-content\/uploads\/2021\/11\/image-260x270.png 260w, https:\/\/cmi-2i2a.univ-avignon.fr\/wp-content\/uploads\/2021\/11\/image.png 1640w\" sizes=\"auto, (max-width: 987px) 100vw, 987px\" \/><\/figure>\n","protected":false},"excerpt":{"rendered":"<p>Le Master Informatique correspond \u00e0 une formation de tr\u00e8s haut niveau associant comp\u00e9tences th\u00e9oriques et pratiques, bases scientifiques et stages en entreprises. Le Master se d\u00e9cline en trois parcours-types : Ing\u00e9nierie du Logiciel de la Soci\u00e9tE Num\u00e9rique (ILSEN) dont la vocation est de former des \u00e9tudiants aux m\u00e9tiers du logiciel, en les pr\u00e9parant notamment \u00e0 l&rsquo;\u00e9volution de la place de ce dernier, du c\u0153ur du syst\u00e8me d&rsquo;information des entreprises vers le c\u0153ur du syst\u00e8me d&rsquo;organisation de nos soci\u00e9t\u00e9s. Syst\u00e8mes Informatiques&#8230;<\/p>\n<p class=\"read-more\"><a class=\"btn btn-default\" href=\"https:\/\/cmi-2i2a.univ-avignon.fr\/index.php\/le-master-informatique-support-du-cmi\/\">Lire la suite<span class=\"screen-reader-text\"> Lire la suite<\/span><\/a><\/p>\n","protected":false},"author":50,"featured_media":0,"parent":0,"menu_order":0,"comment_status":"closed","ping_status":"closed","template":"","meta":{"footnotes":""},"coauthors":[],"class_list":["post-334","page","type-page","status-publish","hentry"],"_links":{"self":[{"href":"https:\/\/cmi-2i2a.univ-avignon.fr\/index.php\/wp-json\/wp\/v2\/pages\/334","targetHints":{"allow":["GET"]}}],"collection":[{"href":"https:\/\/cmi-2i2a.univ-avignon.fr\/index.php\/wp-json\/wp\/v2\/pages"}],"about":[{"href":"https:\/\/cmi-2i2a.univ-avignon.fr\/index.php\/wp-json\/wp\/v2\/types\/page"}],"author":[{"embeddable":true,"href":"https:\/\/cmi-2i2a.univ-avignon.fr\/index.php\/wp-json\/wp\/v2\/users\/50"}],"replies":[{"embeddable":true,"href":"https:\/\/cmi-2i2a.univ-avignon.fr\/index.php\/wp-json\/wp\/v2\/comments?post=334"}],"version-history":[{"count":2,"href":"https:\/\/cmi-2i2a.univ-avignon.fr\/index.php\/wp-json\/wp\/v2\/pages\/334\/revisions"}],"predecessor-version":[{"id":356,"href":"https:\/\/cmi-2i2a.univ-avignon.fr\/index.php\/wp-json\/wp\/v2\/pages\/334\/revisions\/356"}],"wp:attachment":[{"href":"https:\/\/cmi-2i2a.univ-avignon.fr\/index.php\/wp-json\/wp\/v2\/media?parent=334"}],"wp:term":[{"taxonomy":"author","embeddable":true,"href":"https:\/\/cmi-2i2a.univ-avignon.fr\/index.php\/wp-json\/wp\/v2\/coauthors?post=334"}],"curies":[{"name":"wp","href":"https:\/\/api.w.org\/{rel}","templated":true}]}}