{"id":336,"date":"2021-11-04T19:49:36","date_gmt":"2021-11-04T18:49:36","guid":{"rendered":"http:\/\/cmi-2i2a.univ-avignon.fr\/?page_id=336"},"modified":"2021-11-06T20:00:35","modified_gmt":"2021-11-06T19:00:35","slug":"les-enseignements-complementaires-cmi","status":"publish","type":"page","link":"https:\/\/cmi-2i2a.univ-avignon.fr\/index.php\/les-enseignements-complementaires-cmi\/","title":{"rendered":"Les enseignements compl\u00e9mentaires CMI"},"content":{"rendered":"\n<p>La formation CMI ajoute 20% d&rsquo;enseignements compl\u00e9mentaire \u00e0 la <a href=\"http:\/\/cmi-2i2a.univ-avignon.fr\/index.php\/licence-informatique-support-du-cmi\/\" data-type=\"URL\" data-id=\"http:\/\/cmi-2i2a.univ-avignon.fr\/index.php\/licence-informatique-support-du-cmi\/\">licence<\/a> et au <a href=\"http:\/\/cmi-2i2a.univ-avignon.fr\/?page_id=334\">master d<\/a><a href=\"http:\/\/cmi-2i2a.univ-avignon.fr\/index.php\/le-master-informatique-support-du-cmi\/\" data-type=\"URL\" data-id=\"http:\/\/cmi-2i2a.univ-avignon.fr\/index.php\/le-master-informatique-support-du-cmi\/\">&lsquo;<\/a><a href=\"http:\/\/cmi-2i2a.univ-avignon.fr\/?page_id=334\">informatique<\/a> qui la porte. Ces enseignements permettent aux \u00e9tudiants d&rsquo;aborder les probl\u00e9matiques de la recherche au plus t\u00f4t mais \u00e9galement de l&rsquo;innovation, de l&rsquo;entreprenariat et de culture de g\u00e9n\u00e9rale.<\/p>\n\n\n\n<p>Voici la liste des UE rajout\u00e9es tout au long des 5 ans.<\/p>\n\n\n\n<h2 class=\"wp-block-heading\"><strong>L<\/strong>1S1<\/h2>\n\n\n\n<p>CMI 1: Initiation recherche \u0096 projet int\u00e9grateur 1<\/p>\n\n\n\n<h2 class=\"wp-block-heading\"><strong>L1S2<\/strong><\/h2>\n\n\n\n<p>CMI 2 : Culture de l\u0092innovation \u0096 projet int\u00e9grateur 2<\/p>\n\n\n\n<p>CMI 3 : Interfaces du r\u00e9el au num\u00e9rique<\/p>\n\n\n\n<h2 class=\"wp-block-heading\"><strong>L2S3<\/strong><\/h2>\n\n\n\n<p>CMI 4 : \u00c9conomie de l\u0092innovation<\/p>\n\n\n\n<p>CMI 5 : Faisabilit\u00e9 technique \u0096 projet int\u00e9grateur 3<\/p>\n\n\n\n<h2 class=\"wp-block-heading\"><strong>L2S4<\/strong><\/h2>\n\n\n\n<p>CMI 6 : Stage immersion (3 semaines)<\/p>\n\n\n\n<p>CMI 7 : Mod\u00e8le \u00e9conomique\u0096 projet int\u00e9grateur 4<\/p>\n\n\n\n<p>CMI 8 : paradigmes de programmation pour l\u2019IA<\/p>\n\n\n\n<h2 class=\"wp-block-heading\"><strong>L3S5<\/strong><\/h2>\n\n\n\n<p>CMI 9 : Compl\u00e9ments semestre \u00e0 l\u0092\u2019\u00e9tranger<\/p>\n\n\n\n<h2 class=\"wp-block-heading\"><strong>L3S6<\/strong><\/h2>\n\n\n\n<p>CMI 10: Processus cr\u00e9atif<\/p>\n\n\n\n<p>CMI 11: Complement stage rapport et soutenance en anglais<\/p>\n\n\n\n<p>CMI 12: Mod\u00e9lisation de syst\u00e8mes probabilistes et statistiques<\/p>\n\n\n\n<h2 class=\"wp-block-heading\"><strong>M1S7<\/strong><\/h2>\n\n\n\n<p>CMI 13 : S\u00e9minaires de recherche<\/p>\n\n\n\n<h2 class=\"wp-block-heading\"><strong>M1S8<\/strong><\/h2>\n\n\n\n<p>CMI 14 : stage recherche<\/p>\n\n\n\n<p>CMI 15 : Management des ressources humaines de l\u2019innovation<\/p>\n\n\n\n<h2 class=\"wp-block-heading\"><strong>M2S9<\/strong><\/h2>\n\n\n\n<p>CMI 16 : Cr\u00e9ation et gestion d\u2019entreprise<\/p>\n\n\n\n<p>CMI 17 : Syst\u00e8mes complexes<\/p>\n\n\n\n<h2 class=\"wp-block-heading\"><strong>M2S10<\/strong><\/h2>\n\n\n\n<p>CMI 18 :&nbsp; compl\u00e9ment entreprise \u2013 mod\u00e8le \u00e9conomique<\/p>\n\n\n\n<p>CMI 19&nbsp; :&nbsp; Portfolio CMI<\/p>\n","protected":false},"excerpt":{"rendered":"<p>La formation CMI ajoute 20% d&rsquo;enseignements compl\u00e9mentaire \u00e0 la licence et au master d&lsquo;informatique qui la porte. Ces enseignements permettent aux \u00e9tudiants d&rsquo;aborder les probl\u00e9matiques de la recherche au plus t\u00f4t mais \u00e9galement de l&rsquo;innovation, de l&rsquo;entreprenariat et de culture de g\u00e9n\u00e9rale. Voici la liste des UE rajout\u00e9es tout au long des 5 ans. L1S1 CMI 1: Initiation recherche \u0096 projet int\u00e9grateur 1 L1S2 CMI 2 : Culture de l\u0092innovation \u0096 projet int\u00e9grateur 2 CMI 3 : Interfaces du r\u00e9el&#8230;<\/p>\n<p class=\"read-more\"><a class=\"btn btn-default\" href=\"https:\/\/cmi-2i2a.univ-avignon.fr\/index.php\/les-enseignements-complementaires-cmi\/\">Lire la suite<span class=\"screen-reader-text\"> Lire la suite<\/span><\/a><\/p>\n","protected":false},"author":50,"featured_media":0,"parent":0,"menu_order":0,"comment_status":"closed","ping_status":"closed","template":"","meta":{"footnotes":""},"coauthors":[],"class_list":["post-336","page","type-page","status-publish","hentry"],"_links":{"self":[{"href":"https:\/\/cmi-2i2a.univ-avignon.fr\/index.php\/wp-json\/wp\/v2\/pages\/336","targetHints":{"allow":["GET"]}}],"collection":[{"href":"https:\/\/cmi-2i2a.univ-avignon.fr\/index.php\/wp-json\/wp\/v2\/pages"}],"about":[{"href":"https:\/\/cmi-2i2a.univ-avignon.fr\/index.php\/wp-json\/wp\/v2\/types\/page"}],"author":[{"embeddable":true,"href":"https:\/\/cmi-2i2a.univ-avignon.fr\/index.php\/wp-json\/wp\/v2\/users\/50"}],"replies":[{"embeddable":true,"href":"https:\/\/cmi-2i2a.univ-avignon.fr\/index.php\/wp-json\/wp\/v2\/comments?post=336"}],"version-history":[{"count":2,"href":"https:\/\/cmi-2i2a.univ-avignon.fr\/index.php\/wp-json\/wp\/v2\/pages\/336\/revisions"}],"predecessor-version":[{"id":354,"href":"https:\/\/cmi-2i2a.univ-avignon.fr\/index.php\/wp-json\/wp\/v2\/pages\/336\/revisions\/354"}],"wp:attachment":[{"href":"https:\/\/cmi-2i2a.univ-avignon.fr\/index.php\/wp-json\/wp\/v2\/media?parent=336"}],"wp:term":[{"taxonomy":"author","embeddable":true,"href":"https:\/\/cmi-2i2a.univ-avignon.fr\/index.php\/wp-json\/wp\/v2\/coauthors?post=336"}],"curies":[{"name":"wp","href":"https:\/\/api.w.org\/{rel}","templated":true}]}}