{"id":575,"date":"2021-11-07T18:13:12","date_gmt":"2021-11-07T17:13:12","guid":{"rendered":"http:\/\/cmi-2i2a.univ-avignon.fr\/?page_id=575"},"modified":"2021-11-07T18:13:13","modified_gmt":"2021-11-07T17:13:13","slug":"les-carnets-de-voyages","status":"publish","type":"page","link":"https:\/\/cmi-2i2a.univ-avignon.fr\/index.php\/les-carnets-de-voyages\/","title":{"rendered":"Les carnets de voyages"},"content":{"rendered":"\n<ul class=\"lcp_catlist\" id=\"lcp_instance_0\"><li><a href=\"https:\/\/cmi-2i2a.univ-avignon.fr\/index.php\/2026\/01\/08\/my-erasmus-experience-part-2-cultural-stuff-to-know-about-belgium\/\">MY ERASMUS EXPERIENCE, PART 2 : CULTURAL STUFF TO KNOW ABOUT BELGIUM<\/a>  8 janvier 2026<\/li><li><a href=\"https:\/\/cmi-2i2a.univ-avignon.fr\/index.php\/2026\/01\/08\/vivre-au-quebec-en-hiver\/\">Vivre au Qu\u00e9bec en Hiver<\/a>  8 janvier 2026<\/li><li><a href=\"https:\/\/cmi-2i2a.univ-avignon.fr\/index.php\/2025\/11\/27\/la-vie-detudiant-erasmus-en-suede-une-experience-a-decouvrir\/\">La vie d&rsquo;\u00e9tudiant Erasmus en Su\u00e8de : une exp\u00e9rience \u00e0 d\u00e9couvrir<\/a>  27 novembre 2025<\/li><li><a href=\"https:\/\/cmi-2i2a.univ-avignon.fr\/index.php\/2025\/11\/19\/my-erasmus-experience-part-1-things-to-do-and-tips-to-get-started\/\">MY ERASMUS EXPERIENCE, PART 1 : THINGS TO DO AND TIPS TO GET STARTED<\/a>  19 novembre 2025<\/li><li><a href=\"https:\/\/cmi-2i2a.univ-avignon.fr\/index.php\/2025\/11\/03\/guide-de-survie-en-echange-universitaire-en-angleterre-partie-1\/\">Guide de survie en \u00e9change universitaire en Angleterre partie 1<\/a>  3 novembre 2025<\/li><li><a href=\"https:\/\/cmi-2i2a.univ-avignon.fr\/index.php\/2025\/10\/26\/debut-de-semestre-en-suede-a-linneuniversitetet-automne-2025-2026\/\">D\u00e9but de semestre en Su\u00e8de \u00e0 Linn\u00e9universitetet  Automne 2025\/2026<\/a>  26 octobre 2025<\/li><li><a href=\"https:\/\/cmi-2i2a.univ-avignon.fr\/index.php\/2025\/10\/13\/to-do-not-to-do-udem-1-an\/\">To do \/ not to do \u2013 JOHANNY Titouan, \u00e9change d\u2019un an \u00e0 l\u2019Universit\u00e9 de Montr\u00e9al (Canada).<\/a>  13 octobre 2025<\/li><li><a href=\"https:\/\/cmi-2i2a.univ-avignon.fr\/index.php\/2025\/02\/07\/my-erasmus-experience-in-mons-discovering-culture-and-daily-life\/\">My Erasmus Experience in Mons: Discovering Culture and Daily Life<\/a>  7 f\u00e9vrier 2025<\/li><li><a href=\"https:\/\/cmi-2i2a.univ-avignon.fr\/index.php\/2025\/02\/07\/retour-dexperience-sur-mon-sejour-erasmus-a-fulda-allemagne\/\">Retour d&rsquo;exp\u00e9rience sur mon s\u00e9jour Erasmus \u00e0 Fulda, Allemagne<\/a>  7 f\u00e9vrier 2025<\/li><li><a href=\"https:\/\/cmi-2i2a.univ-avignon.fr\/index.php\/2025\/02\/07\/article-2-mathys-champenois-montreal\/\">Article 2 &#8211; Mathys Champenois &#8211; Montr\u00e9al<\/a>  7 f\u00e9vrier 2025<\/li><li><a href=\"https:\/\/cmi-2i2a.univ-avignon.fr\/index.php\/2025\/01\/29\/mon-erasmus-a-munich-vie-quotidienne-culture-bavaroise-et-astuces-pratiques\/\">Mon Erasmus \u00e0 Munich : Vie Quotidienne, Culture Bavaroise et Astuces Pratiques<\/a>  29 janvier 2025<\/li><li><a href=\"https:\/\/cmi-2i2a.univ-avignon.fr\/index.php\/2025\/01\/27\/experience-udem\/\">Exp\u00e9rience UdeM<\/a>  27 janvier 2025<\/li><li><a href=\"https:\/\/cmi-2i2a.univ-avignon.fr\/index.php\/2025\/01\/22\/decouvrir-la-vie-et-la-culture-en-allemagne-ce-que-les-guides-ne-disent-pas-toujours\/\">D\u00e9couvrir la vie et la culture en Allemagne : ce que les guides ne disent pas toujours<\/a>  22 janvier 2025<\/li><li><a href=\"https:\/\/cmi-2i2a.univ-avignon.fr\/index.php\/2024\/12\/17\/mon-retour-dexperience-sur-mon-erasmus-a-trento-une-aventure-inoubliable\/\">Mon retour d\u2019exp\u00e9rience sur mon Erasmus \u00e0 Trento : Une aventure inoubliable<\/a>  17 d\u00e9cembre 2024<\/li><li><a href=\"https:\/\/cmi-2i2a.univ-avignon.fr\/index.php\/2024\/12\/17\/vivre-en-italie-mon-erasmus-a-trento-au-quotidien\/\">Vivre en Italie : Mon Erasmus \u00e0 Trento au quotidien<\/a>  17 d\u00e9cembre 2024<\/li><li><a href=\"https:\/\/cmi-2i2a.univ-avignon.fr\/index.php\/2024\/12\/14\/mon-retour-dexperience-de-montreal-a-ludem\/\">Mon retour d&rsquo;exp\u00e9rience de Montr\u00e9al \u00e0 l&rsquo;UdeM<\/a>  14 d\u00e9cembre 2024<\/li><li><a href=\"https:\/\/cmi-2i2a.univ-avignon.fr\/index.php\/2024\/12\/10\/immersion-a-montreal\/\">Immersion \u00e0 Montr\u00e9al<\/a>  10 d\u00e9cembre 2024<\/li><li><a href=\"https:\/\/cmi-2i2a.univ-avignon.fr\/index.php\/2024\/12\/09\/la-vie-quotidienne-et-la-culture-en-allemagne-decouvertes-et-conseils\/\">La Vie Quotidienne et la Culture en Allemagne : D\u00e9couvertes et Conseils<\/a>  9 d\u00e9cembre 2024<\/li><li><a href=\"https:\/\/cmi-2i2a.univ-avignon.fr\/index.php\/2024\/12\/02\/mon-experience-erasmus-a-munich-conseils-et-demarches-pour-un-sejour-reussi-a-la-lmu\/\">Mon Exp\u00e9rience Erasmus \u00e0 Munich : Conseils et D\u00e9marches pour un S\u00e9jour R\u00e9ussi \u00e0 la LMU<\/a>  2 d\u00e9cembre 2024<\/li><li><a href=\"https:\/\/cmi-2i2a.univ-avignon.fr\/index.php\/2024\/12\/02\/echange-udem-preparer-administrativement-son-echange\/\">Echange UdeM : Pr\u00e9parer administrativement son \u00e9change<\/a>  2 d\u00e9cembre 2024<\/li><\/ul><ul class='lcp_paginator'><li class='lcp_currentpage'>1<\/li><li><a href='https:\/\/cmi-2i2a.univ-avignon.fr\/index.php\/wp-json\/wp\/v2\/pages\/575?lcp_page0=2#lcp_instance_0' title='2'>2<\/a><\/li><li><a href='https:\/\/cmi-2i2a.univ-avignon.fr\/index.php\/wp-json\/wp\/v2\/pages\/575?lcp_page0=3#lcp_instance_0' title='3'>3<\/a><\/li><li><a href='https:\/\/cmi-2i2a.univ-avignon.fr\/index.php\/wp-json\/wp\/v2\/pages\/575?lcp_page0=2#lcp_instance_0' title='2' class='lcp_nextlink'>&gt;&gt;<\/a><\/li><\/ul>\n","protected":false},"excerpt":{"rendered":"","protected":false},"author":1,"featured_media":0,"parent":0,"menu_order":0,"comment_status":"closed","ping_status":"closed","template":"","meta":{"footnotes":""},"coauthors":[],"class_list":["post-575","page","type-page","status-publish","hentry"],"_links":{"self":[{"href":"https:\/\/cmi-2i2a.univ-avignon.fr\/index.php\/wp-json\/wp\/v2\/pages\/575","targetHints":{"allow":["GET"]}}],"collection":[{"href":"https:\/\/cmi-2i2a.univ-avignon.fr\/index.php\/wp-json\/wp\/v2\/pages"}],"about":[{"href":"https:\/\/cmi-2i2a.univ-avignon.fr\/index.php\/wp-json\/wp\/v2\/types\/page"}],"author":[{"embeddable":true,"href":"https:\/\/cmi-2i2a.univ-avignon.fr\/index.php\/wp-json\/wp\/v2\/users\/1"}],"replies":[{"embeddable":true,"href":"https:\/\/cmi-2i2a.univ-avignon.fr\/index.php\/wp-json\/wp\/v2\/comments?post=575"}],"version-history":[{"count":10,"href":"https:\/\/cmi-2i2a.univ-avignon.fr\/index.php\/wp-json\/wp\/v2\/pages\/575\/revisions"}],"predecessor-version":[{"id":589,"href":"https:\/\/cmi-2i2a.univ-avignon.fr\/index.php\/wp-json\/wp\/v2\/pages\/575\/revisions\/589"}],"wp:attachment":[{"href":"https:\/\/cmi-2i2a.univ-avignon.fr\/index.php\/wp-json\/wp\/v2\/media?parent=575"}],"wp:term":[{"taxonomy":"author","embeddable":true,"href":"https:\/\/cmi-2i2a.univ-avignon.fr\/index.php\/wp-json\/wp\/v2\/coauthors?post=575"}],"curies":[{"name":"wp","href":"https:\/\/api.w.org\/{rel}","templated":true}]}}