{"id":937,"date":"2021-11-05T12:35:00","date_gmt":"2021-11-05T11:35:00","guid":{"rendered":"http:\/\/cmi-2i2a.univ-avignon.fr\/?page_id=937"},"modified":"2022-06-19T18:59:42","modified_gmt":"2022-06-19T16:59:42","slug":"lapproche-competences-au-ceri","status":"publish","type":"page","link":"https:\/\/cmi-2i2a.univ-avignon.fr\/index.php\/lapproche-competences-au-ceri\/","title":{"rendered":"L&rsquo;approche comp\u00e9tences au CERI"},"content":{"rendered":"\n<figure class=\"wp-block-image size-large is-resized\"><img loading=\"lazy\" decoding=\"async\" src=\"http:\/\/cmi-2i2a.univ-avignon.fr\/wp-content\/uploads\/2022\/06\/Capture-de\u0301cran-2022-06-18-a\u0300-16.26.53-1024x801.png\" alt=\"\" class=\"wp-image-1538\" width=\"256\" height=\"200\" srcset=\"https:\/\/cmi-2i2a.univ-avignon.fr\/wp-content\/uploads\/2022\/06\/Capture-de\u0301cran-2022-06-18-a\u0300-16.26.53-1024x801.png 1024w, https:\/\/cmi-2i2a.univ-avignon.fr\/wp-content\/uploads\/2022\/06\/Capture-de\u0301cran-2022-06-18-a\u0300-16.26.53-300x235.png 300w, https:\/\/cmi-2i2a.univ-avignon.fr\/wp-content\/uploads\/2022\/06\/Capture-de\u0301cran-2022-06-18-a\u0300-16.26.53-768x600.png 768w, https:\/\/cmi-2i2a.univ-avignon.fr\/wp-content\/uploads\/2022\/06\/Capture-de\u0301cran-2022-06-18-a\u0300-16.26.53-1536x1201.png 1536w, https:\/\/cmi-2i2a.univ-avignon.fr\/wp-content\/uploads\/2022\/06\/Capture-de\u0301cran-2022-06-18-a\u0300-16.26.53-345x270.png 345w, https:\/\/cmi-2i2a.univ-avignon.fr\/wp-content\/uploads\/2022\/06\/Capture-de\u0301cran-2022-06-18-a\u0300-16.26.53.png 1632w\" sizes=\"auto, (max-width: 256px) 100vw, 256px\" \/><\/figure>\n\n\n\n<p>Pour sa prochaine accr\u00e9ditation, le CERI travaille sur une Approche Programme Comp\u00e9tences plus proche des r\u00e9f\u00e9rentiels RNCP nationaux et du r\u00e9f\u00e9rentiel Figure\u00ae pour l&rsquo;informatique (c.f. <a href=\"https:\/\/reseau-figure.fr\/wp-content\/uploads\/2020\/07\/4-O.R.-vert.pdf\">4-O.R.-vert.pdf (reseau-figure.fr)<\/a>).<\/p>\n\n\n\n<p>Notre premi\u00e8re \u00e9tape, mise en place dans les maquettes actuelles, visait une approche programme issue des travaux de Jacques Tardif. La red\u00e9finition des comp\u00e9tences vis\u00e9es en comp\u00e9tences disciplinaires incluant les comp\u00e9tences transversales. De ces objectifs nous avions d\u00e9j\u00e0 pu aligner nos enseignements sur ces comp\u00e9tences (c.f. <a href=\"http:\/\/cmi-2i2a.univ-avignon.fr\/wp-content\/uploads\/2021\/11\/Annexe-2-Approche-Programme-et-Compe\u0301tences.pdf\">Approche comp\u00e9tences au CERI 2018-2022<\/a>)<\/p>\n\n\n\n<p>Les comp\u00e9tence vis\u00e9es par la prochaine accr\u00e9ditation du CMI, de la licence et du master ont d\u00e9j\u00e0 \u00e9t\u00e9 travaill\u00e9es avec les maquettes actuelles, les alignements peuvent \u00eatre consult\u00e9 ici :<\/p>\n\n\n\n<p><a href=\"http:\/\/cmi-2i2a.univ-avignon.fr\/wp-content\/uploads\/2022\/06\/UFR-STS-LICENCE-INFORMATIQUE.html\" data-type=\"URL\" data-id=\"http:\/\/cmi-2i2a.univ-avignon.fr\/wp-content\/uploads\/2022\/06\/UFR-STS-LICENCE-INFORMATIQUE.html\" target=\"_blank\" rel=\"noreferrer noopener\">Tableau crois\u00e9 UE \/ comp\u00e9tences pour la licence d&rsquo;informatique (CMI 1-3)<\/a><\/p>\n\n\n\n<p><a rel=\"noreferrer noopener\" href=\"http:\/\/cmi-2i2a.univ-avignon.fr\/wp-content\/uploads\/2022\/06\/UFR-STS-MASTER-INTELLIGENCE-ARTIFICIELLE-IA-MASTER-INFORMATIQUE.html\" target=\"_blank\">T<\/a><a rel=\"noreferrer noopener\" href=\"http:\/\/cmi-2i2a.univ-avignon.fr\/wp-content\/uploads\/2022\/06\/UFR-STS-MASTER-INTELLIGENCE-ARTIFICIELLE-IA-MASTER-INFORMATIQUE.html\" target=\"_blank\">ableau crois\u00e9 UE \/ comp\u00e9tences pour le master parcours Intelligence Artificiel (CMI 4 et 5)<\/a><\/p>\n\n\n\n<p><a rel=\"noreferrer noopener\" href=\"http:\/\/cmi-2i2a.univ-avignon.fr\/wp-content\/uploads\/2022\/06\/UFR-STS-MASTER-INGE-DU-LOGICIEL-DE-LA-SOCIETE-NUM-ILSEN-MASTER-INFORMATIQUE.html\" data-type=\"URL\" data-id=\"http:\/\/cmi-2i2a.univ-avignon.fr\/wp-content\/uploads\/2022\/06\/UFR-STS-MASTER-INGE-DU-LOGICIEL-DE-LA-SOCIETE-NUM-ILSEN-MASTER-INFORMATIQUE.html\" target=\"_blank\">Tableau crois\u00e9 UE \/ comp\u00e9tences pour le master parcours Ing\u00e9nierie Logicielle de la Soci\u00e9tE Num\u00e9rique (CMI 4 et 5)<\/a><\/p>\n\n\n\n<p><a href=\"http:\/\/cmi-2i2a.univ-avignon.fr\/wp-content\/uploads\/2022\/06\/UFR-STS-MASTER-SYSTEMES-INFORMATIQUES-COMMUNICANTS-SICOM-MASTER-INFORMATIQUE.html\" data-type=\"URL\" data-id=\"http:\/\/cmi-2i2a.univ-avignon.fr\/wp-content\/uploads\/2022\/06\/UFR-STS-MASTER-SYSTEMES-INFORMATIQUES-COMMUNICANTS-SICOM-MASTER-INFORMATIQUE.html\" target=\"_blank\" rel=\"noreferrer noopener\">Tableau crois\u00e9 UE \/ comp\u00e9tences pour le master parcours Syst\u00e8mes Informatiques COMmunicants (CMI 4 et 5)<\/a><\/p>\n","protected":false},"excerpt":{"rendered":"<p>Pour sa prochaine accr\u00e9ditation, le CERI travaille sur une Approche Programme Comp\u00e9tences plus proche des r\u00e9f\u00e9rentiels RNCP nationaux et du r\u00e9f\u00e9rentiel Figure\u00ae pour l&rsquo;informatique (c.f. 4-O.R.-vert.pdf (reseau-figure.fr)). Notre premi\u00e8re \u00e9tape, mise en place dans les maquettes actuelles, visait une approche programme issue des travaux de Jacques Tardif. La red\u00e9finition des comp\u00e9tences vis\u00e9es en comp\u00e9tences disciplinaires incluant les comp\u00e9tences transversales. De ces objectifs nous avions d\u00e9j\u00e0 pu aligner nos enseignements sur ces comp\u00e9tences (c.f. Approche comp\u00e9tences au CERI 2018-2022) Les comp\u00e9tence&#8230;<\/p>\n<p class=\"read-more\"><a class=\"btn btn-default\" href=\"https:\/\/cmi-2i2a.univ-avignon.fr\/index.php\/lapproche-competences-au-ceri\/\">Lire la suite<span class=\"screen-reader-text\"> Lire la suite<\/span><\/a><\/p>\n","protected":false},"author":1,"featured_media":0,"parent":0,"menu_order":0,"comment_status":"closed","ping_status":"closed","template":"","meta":{"footnotes":""},"coauthors":[78],"class_list":["post-937","page","type-page","status-publish","hentry"],"_links":{"self":[{"href":"https:\/\/cmi-2i2a.univ-avignon.fr\/index.php\/wp-json\/wp\/v2\/pages\/937","targetHints":{"allow":["GET"]}}],"collection":[{"href":"https:\/\/cmi-2i2a.univ-avignon.fr\/index.php\/wp-json\/wp\/v2\/pages"}],"about":[{"href":"https:\/\/cmi-2i2a.univ-avignon.fr\/index.php\/wp-json\/wp\/v2\/types\/page"}],"author":[{"embeddable":true,"href":"https:\/\/cmi-2i2a.univ-avignon.fr\/index.php\/wp-json\/wp\/v2\/users\/1"}],"replies":[{"embeddable":true,"href":"https:\/\/cmi-2i2a.univ-avignon.fr\/index.php\/wp-json\/wp\/v2\/comments?post=937"}],"version-history":[{"count":6,"href":"https:\/\/cmi-2i2a.univ-avignon.fr\/index.php\/wp-json\/wp\/v2\/pages\/937\/revisions"}],"predecessor-version":[{"id":1548,"href":"https:\/\/cmi-2i2a.univ-avignon.fr\/index.php\/wp-json\/wp\/v2\/pages\/937\/revisions\/1548"}],"wp:attachment":[{"href":"https:\/\/cmi-2i2a.univ-avignon.fr\/index.php\/wp-json\/wp\/v2\/media?parent=937"}],"wp:term":[{"taxonomy":"author","embeddable":true,"href":"https:\/\/cmi-2i2a.univ-avignon.fr\/index.php\/wp-json\/wp\/v2\/coauthors?post=937"}],"curies":[{"name":"wp","href":"https:\/\/api.w.org\/{rel}","templated":true}]}}