{"id":941,"date":"2021-12-05T12:52:23","date_gmt":"2021-12-05T11:52:23","guid":{"rendered":"http:\/\/cmi-2i2a.univ-avignon.fr\/?page_id=941"},"modified":"2021-12-05T12:52:23","modified_gmt":"2021-12-05T11:52:23","slug":"la-recherche-au-cmi","status":"publish","type":"page","link":"https:\/\/cmi-2i2a.univ-avignon.fr\/index.php\/la-recherche-au-cmi\/","title":{"rendered":"La recherche au CMI"},"content":{"rendered":"\n<h2 class=\"wp-block-heading\"><a href=\"http:\/\/cmi-2i2a.univ-avignon.fr\/index.php\/category\/projetscmi\/projetintegrateur\/\" data-type=\"URL\" data-id=\"http:\/\/cmi-2i2a.univ-avignon.fr\/index.php\/category\/projetscmi\/projetintegrateur\/\">Les projets int\u00e9grateurs (L1 &amp; L2)<\/a><\/h2>\n\n\n<ul class=\"lcp_catlist\" id=\"lcp_instance_0\"><li><a href=\"https:\/\/cmi-2i2a.univ-avignon.fr\/index.php\/2024\/06\/28\/rapport-du-projet-de-traduction-omnidirectionnelle-des-langues-des-signes\/\">Rapport du Projet de Traduction Omnidirectionnelle des Langues des Signes.<\/a><\/li><li><a href=\"https:\/\/cmi-2i2a.univ-avignon.fr\/index.php\/2023\/05\/14\/projet-integrateur-cmi-2-misterglasses\/\">Projet Int\u00e9grateur &#8211; CMI 2 &#8211; MisterGlasses<\/a><\/li><li><a href=\"https:\/\/cmi-2i2a.univ-avignon.fr\/index.php\/2023\/05\/14\/jourknees-projet-integrateur-cmi\/\">Jourknees &#8211; Projet int\u00e9grateur CMI<\/a><\/li><li><a href=\"https:\/\/cmi-2i2a.univ-avignon.fr\/index.php\/2023\/05\/14\/politicai-projet-integrateur-cmi\/\">PoliticAI &#8211; Projet int\u00e9grateur CMI<\/a><\/li><li><a href=\"https:\/\/cmi-2i2a.univ-avignon.fr\/index.php\/2022\/01\/16\/presentation-des-projets-integrateurs-2021\/\">Pr\u00e9sentation des projets int\u00e9grateurs 2021<\/a><\/li><li><a href=\"https:\/\/cmi-2i2a.univ-avignon.fr\/index.php\/2021\/11\/14\/mediateur-de-debat\/\">M\u00e9diateur de d\u00e9bat<\/a><\/li><li><a href=\"https:\/\/cmi-2i2a.univ-avignon.fr\/index.php\/2021\/10\/27\/ameliorer-sa-repartie\/\">Am\u00e9liorer sa r\u00e9partie<\/a><\/li><li><a href=\"https:\/\/cmi-2i2a.univ-avignon.fr\/index.php\/2021\/10\/27\/application-de-recuperation-des-cours-magistraux-reunions\/\">Application de r\u00e9cup\u00e9ration des cours magistraux\/r\u00e9unions<\/a><\/li><li><a href=\"https:\/\/cmi-2i2a.univ-avignon.fr\/index.php\/2018\/11\/15\/la-promotion-2018-en-design-thinking\/\">La promotion 2018 en Design Thinking<\/a><\/li><\/ul>\n\n\n\n<h2 class=\"wp-block-heading\"><a href=\"http:\/\/cmi-2i2a.univ-avignon.fr\/index.php\/category\/conferences\/conferencel1\/\" data-type=\"URL\" data-id=\"http:\/\/cmi-2i2a.univ-avignon.fr\/index.php\/category\/conferences\/conferencel1\/\">Les conf\u00e9rences d\u00e9couverte en L1<\/a><\/h2>\n\n\n<ul class=\"lcp_catlist\" id=\"lcp_instance_0\"><li><a href=\"https:\/\/cmi-2i2a.univ-avignon.fr\/index.php\/2023\/01\/22\/1704\/\">YOU.com, un navigateur accompagn\u00e9 de son IA<\/a><\/li><li><a href=\"https:\/\/cmi-2i2a.univ-avignon.fr\/index.php\/2026\/03\/27\/mieux-vaut-un-coupable-en-liberte-lethique-derriere-le-parametre-beta\/\">Mieux vaut un coupable en libert\u00e9 ? L&rsquo;\u00e9thique derri\u00e8re le param\u00e8tre Beta<\/a><\/li><li><a href=\"https:\/\/cmi-2i2a.univ-avignon.fr\/index.php\/2026\/03\/15\/clap-de-fin-sur-mon-erasmus-une-aventure-suedoise-inoubliable\/\">Clap de fin sur mon Erasmus : Une aventure su\u00e9doise inoubliable<\/a><\/li><li><a href=\"https:\/\/cmi-2i2a.univ-avignon.fr\/index.php\/2026\/01\/08\/my-erasmus-experience-part-2-cultural-stuff-to-know-about-belgium\/\">MY ERASMUS EXPERIENCE, PART 2 : CULTURAL STUFF TO KNOW ABOUT BELGIUM<\/a><\/li><li><a href=\"https:\/\/cmi-2i2a.univ-avignon.fr\/index.php\/2026\/01\/08\/vivre-au-quebec-en-hiver\/\">Vivre au Qu\u00e9bec en Hiver<\/a><\/li><li><a href=\"https:\/\/cmi-2i2a.univ-avignon.fr\/index.php\/2025\/11\/27\/la-vie-detudiant-erasmus-en-suede-une-experience-a-decouvrir\/\">La vie d&rsquo;\u00e9tudiant Erasmus en Su\u00e8de : une exp\u00e9rience \u00e0 d\u00e9couvrir<\/a><\/li><li><a href=\"https:\/\/cmi-2i2a.univ-avignon.fr\/index.php\/2025\/11\/20\/peut-on-vraiment-rester-seul-sur-mars\/\">Peut-on vraiment rester seul sur Mars ?<\/a><\/li><li><a href=\"https:\/\/cmi-2i2a.univ-avignon.fr\/index.php\/2025\/11\/19\/my-erasmus-experience-part-1-things-to-do-and-tips-to-get-started\/\">MY ERASMUS EXPERIENCE, PART 1 : THINGS TO DO AND TIPS TO GET STARTED<\/a><\/li><li><a href=\"https:\/\/cmi-2i2a.univ-avignon.fr\/index.php\/2025\/11\/03\/guide-de-survie-en-echange-universitaire-en-angleterre-partie-1\/\">Guide de survie en \u00e9change universitaire en Angleterre partie 1<\/a><\/li><li><a href=\"https:\/\/cmi-2i2a.univ-avignon.fr\/index.php\/2025\/10\/26\/debut-de-semestre-en-suede-a-linneuniversitetet-automne-2025-2026\/\">D\u00e9but de semestre en Su\u00e8de \u00e0 Linn\u00e9universitetet  Automne 2025\/2026<\/a><\/li><li><a href=\"https:\/\/cmi-2i2a.univ-avignon.fr\/index.php\/2025\/10\/21\/faux-negatif-faux-positif-et-effet-dunning-kruger\/\">Faux n\u00e9gatif, faux positif et effet Dunning-Kruger<\/a><\/li><\/ul>\n\n\n\n<h2 class=\"wp-block-heading\"><a href=\"http:\/\/cmi-2i2a.univ-avignon.fr\/index.php\/category\/conferences\/conferencem1\/\" data-type=\"URL\" data-id=\"http:\/\/cmi-2i2a.univ-avignon.fr\/index.php\/category\/conferences\/conferencem1\/\">Les conf\u00e9rences recherche en M1<\/a><\/h2>\n\n\n<ul class=\"lcp_catlist\" id=\"lcp_instance_0\"><li><a href=\"https:\/\/cmi-2i2a.univ-avignon.fr\/index.php\/2023\/01\/22\/1704\/\">YOU.com, un navigateur accompagn\u00e9 de son IA<\/a><\/li><li><a href=\"https:\/\/cmi-2i2a.univ-avignon.fr\/index.php\/2026\/03\/27\/mieux-vaut-un-coupable-en-liberte-lethique-derriere-le-parametre-beta\/\">Mieux vaut un coupable en libert\u00e9 ? L&rsquo;\u00e9thique derri\u00e8re le param\u00e8tre Beta<\/a><\/li><li><a href=\"https:\/\/cmi-2i2a.univ-avignon.fr\/index.php\/2026\/03\/15\/clap-de-fin-sur-mon-erasmus-une-aventure-suedoise-inoubliable\/\">Clap de fin sur mon Erasmus : Une aventure su\u00e9doise inoubliable<\/a><\/li><li><a href=\"https:\/\/cmi-2i2a.univ-avignon.fr\/index.php\/2026\/01\/08\/my-erasmus-experience-part-2-cultural-stuff-to-know-about-belgium\/\">MY ERASMUS EXPERIENCE, PART 2 : CULTURAL STUFF TO KNOW ABOUT BELGIUM<\/a><\/li><li><a href=\"https:\/\/cmi-2i2a.univ-avignon.fr\/index.php\/2026\/01\/08\/vivre-au-quebec-en-hiver\/\">Vivre au Qu\u00e9bec en Hiver<\/a><\/li><li><a href=\"https:\/\/cmi-2i2a.univ-avignon.fr\/index.php\/2025\/11\/27\/la-vie-detudiant-erasmus-en-suede-une-experience-a-decouvrir\/\">La vie d&rsquo;\u00e9tudiant Erasmus en Su\u00e8de : une exp\u00e9rience \u00e0 d\u00e9couvrir<\/a><\/li><li><a href=\"https:\/\/cmi-2i2a.univ-avignon.fr\/index.php\/2025\/11\/20\/peut-on-vraiment-rester-seul-sur-mars\/\">Peut-on vraiment rester seul sur Mars ?<\/a><\/li><li><a href=\"https:\/\/cmi-2i2a.univ-avignon.fr\/index.php\/2025\/11\/19\/my-erasmus-experience-part-1-things-to-do-and-tips-to-get-started\/\">MY ERASMUS EXPERIENCE, PART 1 : THINGS TO DO AND TIPS TO GET STARTED<\/a><\/li><li><a href=\"https:\/\/cmi-2i2a.univ-avignon.fr\/index.php\/2025\/11\/03\/guide-de-survie-en-echange-universitaire-en-angleterre-partie-1\/\">Guide de survie en \u00e9change universitaire en Angleterre partie 1<\/a><\/li><li><a href=\"https:\/\/cmi-2i2a.univ-avignon.fr\/index.php\/2025\/10\/26\/debut-de-semestre-en-suede-a-linneuniversitetet-automne-2025-2026\/\">D\u00e9but de semestre en Su\u00e8de \u00e0 Linn\u00e9universitetet  Automne 2025\/2026<\/a><\/li><li><a href=\"https:\/\/cmi-2i2a.univ-avignon.fr\/index.php\/2025\/10\/21\/faux-negatif-faux-positif-et-effet-dunning-kruger\/\">Faux n\u00e9gatif, faux positif et effet Dunning-Kruger<\/a><\/li><\/ul>\n\n\n\n<h2 class=\"wp-block-heading\"><a href=\"http:\/\/cmi-2i2a.univ-avignon.fr\/index.php\/category\/projetscmi\/\" data-type=\"URL\" data-id=\"http:\/\/cmi-2i2a.univ-avignon.fr\/index.php\/category\/projetscmi\/\">Les projets des CMI<\/a><\/h2>\n\n\n<ul class=\"lcp_catlist\" id=\"lcp_instance_0\"><li><a href=\"https:\/\/cmi-2i2a.univ-avignon.fr\/index.php\/2023\/09\/19\/projet-personnel-portobugia\/\">Projet personnel : Portobugia<\/a><\/li><li><a href=\"https:\/\/cmi-2i2a.univ-avignon.fr\/index.php\/2023\/09\/14\/les-entrep-en-vaucluse-2019-2020\/\">Les Entrep&rsquo; en Vaucluse 2019 &#8211; 2020<\/a><\/li><\/ul>\n\n\n\n<p><\/p>\n","protected":false},"excerpt":{"rendered":"<p>Les projets int\u00e9grateurs (L1 &amp; L2) Les conf\u00e9rences d\u00e9couverte en L1 Les conf\u00e9rences recherche en M1 Les projets des CMI<\/p>\n","protected":false},"author":1,"featured_media":0,"parent":0,"menu_order":0,"comment_status":"closed","ping_status":"closed","template":"","meta":{"footnotes":""},"coauthors":[],"class_list":["post-941","page","type-page","status-publish","hentry"],"_links":{"self":[{"href":"https:\/\/cmi-2i2a.univ-avignon.fr\/index.php\/wp-json\/wp\/v2\/pages\/941","targetHints":{"allow":["GET"]}}],"collection":[{"href":"https:\/\/cmi-2i2a.univ-avignon.fr\/index.php\/wp-json\/wp\/v2\/pages"}],"about":[{"href":"https:\/\/cmi-2i2a.univ-avignon.fr\/index.php\/wp-json\/wp\/v2\/types\/page"}],"author":[{"embeddable":true,"href":"https:\/\/cmi-2i2a.univ-avignon.fr\/index.php\/wp-json\/wp\/v2\/users\/1"}],"replies":[{"embeddable":true,"href":"https:\/\/cmi-2i2a.univ-avignon.fr\/index.php\/wp-json\/wp\/v2\/comments?post=941"}],"version-history":[{"count":4,"href":"https:\/\/cmi-2i2a.univ-avignon.fr\/index.php\/wp-json\/wp\/v2\/pages\/941\/revisions"}],"predecessor-version":[{"id":945,"href":"https:\/\/cmi-2i2a.univ-avignon.fr\/index.php\/wp-json\/wp\/v2\/pages\/941\/revisions\/945"}],"wp:attachment":[{"href":"https:\/\/cmi-2i2a.univ-avignon.fr\/index.php\/wp-json\/wp\/v2\/media?parent=941"}],"wp:term":[{"taxonomy":"author","embeddable":true,"href":"https:\/\/cmi-2i2a.univ-avignon.fr\/index.php\/wp-json\/wp\/v2\/coauthors?post=941"}],"curies":[{"name":"wp","href":"https:\/\/api.w.org\/{rel}","templated":true}]}}